{"id":50,"date":"2017-03-23T11:37:39","date_gmt":"2017-03-23T11:37:39","guid":{"rendered":"http:\/\/www.transformari-capitaliste.ro\/index.php\/contact-us-2\/"},"modified":"2023-03-10T02:01:21","modified_gmt":"2023-03-10T02:01:21","slug":"contact","status":"publish","type":"page","link":"http:\/\/www.transformari-capitaliste.ro\/index.php\/contact\/","title":{"rendered":"Contact"},"content":{"rendered":"<!--themify_builder_content-->\n<div id=\"themify_builder_content-50\" data-postid=\"50\" class=\"themify_builder_content themify_builder_content-50 themify_builder tf_clear\">\n                    <div  data-css_id=\"ddf5721\" data-lazy=\"1\" class=\"module_row themify_builder_row vertical-divider row-newsletter input-bg-white fullwidth tb_ddf5721 tb_first tf_w\">\n            <span class=\"builder_row_cover tf_abs\"><\/span>            <div class=\"row_inner col_align_top tb_col_count_1 tf_box tf_rel\">\n                        <div  data-lazy=\"1\" class=\"module_column tb-column col-full tb_sbf7723 first\">\n                    <!-- module fancy heading -->\n<div  class=\"module module-fancy-heading tb_tc1q724  tb_hide_divider wow\" data-tf-animation=\"fadeIn\" data-lazy=\"1\">\n        <h1 class=\"fancy-heading tf_textc\">\n    <span class=\"main-head tf_block\">\n                    \u00centreb\u0103ri suplimentare            <\/span>\n\n    \n    <span class=\"sub-head tf_block tf_rel\">\n                    Contact            <\/span>\n    <\/h1>\n<\/div>\n<!-- \/module fancy heading -->\n<!-- module text -->\n<div  class=\"module module-text tb_p2gy725   \" data-lazy=\"1\">\n        <div  class=\"tb_text_wrap\">\n            <\/div>\n<\/div>\n<!-- \/module text -->        <\/div>\n                        <\/div>\n        <\/div>\n                        <div  data-lazy=\"1\" class=\"module_row themify_builder_row tb_m1m6721 tf_w\">\n                        <div class=\"row_inner col_align_top tb_col_count_3 tf_box tf_rel\">\n                        <div  data-lazy=\"1\" class=\"module_column tb-column col3-1 tb_b0is725 first\">\n                    <!-- module icon -->\n<div  class=\"module module-icon tb_4pmk725  normal none icon_vertical tf_textc wow\" data-tf-animation=\"fadeIn\" data-lazy=\"1\">\n            <div class=\"module-icon-item\">\n                            <a href=\"mailto:transformari-capitaliste@gmail.ro\">\n                                                                    <em class=\"tf_box\"><svg  class=\"tf_fa tf-fas-envelope-square\" aria-hidden=\"true\"><use href=\"#tf-fas-envelope-square\"><\/use><\/svg><\/em>\n                                                                <\/a>\n                    <\/div>\n    <\/div>\n<!-- \/module icon -->\n<!-- module text -->\n<div  class=\"module module-text tb_122c726   \" data-lazy=\"1\">\n        <div  class=\"tb_text_wrap\">\n        <p>transformari.capitaliste@gmail.ro<\/p>    <\/div>\n<\/div>\n<!-- \/module text -->        <\/div>\n                    <div  data-lazy=\"1\" class=\"module_column tb-column col3-1 tb_3eky726\">\n                    <!-- module icon -->\n<div  class=\"module module-icon tb_hyw5726  normal none icon_vertical tf_textc wow\" data-tf-animation=\"fadeIn\" data-lazy=\"1\">\n            <div class=\"module-icon-item\">\n                            <a href=\"https:\/\/www.facebook.com\/events\/218036070756239\/\">\n                                                                    <em class=\"tf_box\"><svg  class=\"tf_fa tf-fab-facebook\" aria-hidden=\"true\"><use href=\"#tf-fab-facebook\"><\/use><\/svg><\/em>\n                                                                <\/a>\n                    <\/div>\n    <\/div>\n<!-- \/module icon -->\n<!-- module text -->\n<div  class=\"module module-text tb_2l2r726   \" data-lazy=\"1\">\n        <div  class=\"tb_text_wrap\">\n        <p>Pagina de Facebook a Conferin\u021bei<\/p>    <\/div>\n<\/div>\n<!-- \/module text -->        <\/div>\n                    <div  data-lazy=\"1\" class=\"module_column tb-column col3-1 tb_48ul726 last\">\n                    <!-- module icon -->\n<div  class=\"module module-icon tb_1dsj726  normal none icon_vertical tf_textc wow\" data-tf-animation=\"fadeIn\" data-lazy=\"1\">\n            <div class=\"module-icon-item\">\n                            <a href=\"http:\/\/www.transformari-capitaliste.ro\/index.php\/gdpr\/\">\n                                                                    <em class=\"tf_box\"><svg  class=\"tf_fa tf-fas-copyright\" aria-hidden=\"true\"><use href=\"#tf-fas-copyright\"><\/use><\/svg><\/em>\n                                                                <\/a>\n                    <\/div>\n    <\/div>\n<!-- \/module icon -->\n<!-- module text -->\n<div  class=\"module module-text tb_mj4r726   \" data-lazy=\"1\">\n        <div  class=\"tb_text_wrap\">\n        <p>Politica de GDPR<\/p>    <\/div>\n<\/div>\n<!-- \/module text -->        <\/div>\n                        <\/div>\n        <\/div>\n                        <div  data-anchor=\"appointment\" data-lazy=\"1\" class=\"module_row themify_builder_row hp-contact tb_has_section tb_section-appointment tb_v0d0556 tf_w\">\n                        <div class=\"row_inner col_align_top gutter-none tb_col_count_2 tf_box tf_rel\">\n                        <div  data-lazy=\"1\" class=\"module_column tb-column col3-2 tb_k1fu557 first\">\n                    <!-- module text -->\n<div  class=\"module module-text tb_mxnp558   \" data-lazy=\"1\">\n        <div  class=\"tb_text_wrap\">\n        <h4>\u00ceNTREB\u0102RI SUPLIMENTARE<\/h4>    <\/div>\n<\/div>\n<!-- \/module text --><!-- module contact -->\n<div  id=\"tb_wsyp558\" class=\"module module-contact tb_wsyp558 contact-style2 \" data-lazy=\"1\">\n    \n\t<form class=\"builder-contact\"\n\t\tid=\"tb_wsyp558-form\"\n\t\tmethod=\"post\"\n\t\tdata-post-id=\"50\"\n\t\tdata-element-id=\"wsyp558\"\n\t\tdata-orig-id=\"50\"\n\t>\n    <div class=\"contact-message\"><\/div>\n\t<div class=\"builder-contact-fields tf_rel\">\n\t\t    \t\t    <div class=\"builder-contact-field builder-contact-field-name builder-contact-text-field\">\n\t\t\t    <label class=\"control-label\" for=\"tb_wsyp558-contact-name\">\n\t\t\t\t\t\t\t\t\t\t<span class=\"tb-label-span\">NUME <\/span>\t\t\t\t<\/label>\n\t\t\t    <div class=\"control-input tf_rel\">\n\t\t\t\t    \t\t\t\t\t    <input type=\"text\" name=\"contact-name\" placeholder=\"\" id=\"tb_wsyp558-contact-name\" value=\"\" class=\"form-control\" >\n\t\t\t\t    \t\t\t\t    \t\t\t    <\/div>\n\t\t<\/div>\n\t    \n\t\t    \t\t    <div class=\"builder-contact-field builder-contact-field-email builder-contact-text-field\">\n\t\t\t    <label class=\"control-label\" for=\"tb_wsyp558-contact-email\">\n\t\t\t\t\t\t\t\t\t\t<span class=\"tb-label-span\">ADRESA DE EMAIL <\/span>\t\t\t\t<\/label>\n\t\t\t    <div class=\"control-input tf_rel\">\n\t\t\t\t    \t\t\t\t\t    <input type=\"email\" name=\"contact-email\" placeholder=\"\" id=\"tb_wsyp558-contact-email\" value=\"\" class=\"form-control\" >\n\t\t\t\t    \t\t\t\t    \t\t\t    <\/div>\n\t\t<\/div>\n\t    \n\t\t    \t\t    <div class=\"builder-contact-field builder-contact-field-message builder-contact-textarea-field\">\n\t\t\t    <label class=\"control-label\" for=\"tb_wsyp558-contact-message\">\n\t\t\t\t\t\t\t\t\t\t<span class=\"tb-label-span\">MESAJ <\/span>\t\t\t\t<\/label>\n\t\t\t    <div class=\"control-input tf_rel\">\n\t\t\t\t    \t\t\t\t\t    <textarea name=\"contact-message\" placeholder=\"\" id=\"tb_wsyp558-contact-message\" class=\"form-control\"><\/textarea>\n\t\t\t\t    \t\t\t\t    \t\t\t    <\/div>\n\t\t<\/div>\n\t    \n\t\t    \t\t\n\t\t\t\t\t<div class=\"builder-contact-field builder-contact-field-gdpr\">\n\t\t\t\t<div class=\"control-label\">\n\t\t\t\t\t<div class=\"control-input tf_rel\">\n\t\t\t\t\t\t<label class=\"field-gdpr\">\n\t\t\t\t\t\t\t<input type=\"checkbox\" name=\"gdpr\" value=\"1\" required>\n\t\t\t\t\t\t\t<span>Datorit\u0103 regulamentului general privind protec\u021bia datelor (GDPR - EU 2016\/679), avem nevoie de un acord explicit din partea dumneavoastr\u0103 pentru a prelucra datele furnizate mai sus  Mai multe informa\u021bii despre Regulile GDPR g\u0103si\u021bi aici: http:\/\/www.transformari-capitaliste.ro\/index.php\/gdpr\/ <\/span>\n\t\t\t\t\t\t\t<span class=\"required\">*<\/span>\n\t\t\t\t\t\t<\/label>\n\t\t\t\t\t<\/div>\n\t\t\t\t<\/div>\n\t\t\t<\/div>\n\t\t\n\t    \n\t    <div class=\"builder-contact-field builder-contact-field-send control-input tf_textl tf_clear tf_rel\">\n\t\t\t<button type=\"submit\" class=\"btn btn-primary\">\n\t\t\t\t<span class=\"tf_loader\"><\/span>\t\t\t\t<span class=\"tf_submit_icon\"><\/span> \n\t\t\t\tSend\t\t\t<\/button>\n\t    <\/div>\n\t<\/div>\n    <\/form>\n    <\/div>\n<!-- \/module contact -->\n        <\/div>\n                    <div  data-lazy=\"1\" class=\"module_column tb-column col3-1 tb_ydi5558 last\">\n                    <!-- module text -->\n<div  class=\"module module-text tb_qgvi558   \" data-lazy=\"1\">\n        <div  class=\"tb_text_wrap\">\n        <h6>Contact<\/h6>    <\/div>\n<\/div>\n<!-- \/module text --><!-- module icon -->\n<div  class=\"module module-icon tb_hknk558  normal none icon_horizontal \" data-lazy=\"1\">\n            <div class=\"module-icon-item\">\n                            <a href=\"mailto:transformari.capitaliste@gmail.com\">\n                                                                    <em class=\"tf_box\" style=\"color:#ffffff\"><svg  class=\"tf_fa tf-fas-envelope-square\" aria-hidden=\"true\"><use href=\"#tf-fas-envelope-square\"><\/use><\/svg><\/em>\n                                                                            <span>transformari.capitaliste@gmail.com<\/span>\n                                                                    <\/a>\n                    <\/div>\n    <\/div>\n<!-- \/module icon -->\n<!-- module icon -->\n<div  class=\"module module-icon tb_4h4n558  normal none icon_horizontal \" data-lazy=\"1\">\n            <div class=\"module-icon-item\">\n                            <a href=\"https:\/\/www.facebook.com\/critica.capitalismului\">\n                                                                    <em class=\"tf_box\" style=\"color:#ffffff\"><svg  class=\"tf_fa tf-fab-facebook-messenger\" aria-hidden=\"true\"><use href=\"#tf-fab-facebook-messenger\"><\/use><\/svg><\/em>\n                                                                            <span>Facebook Event<\/span>\n                                                                    <\/a>\n                    <\/div>\n    <\/div>\n<!-- \/module icon -->\n<!-- module icon -->\n<div  class=\"module module-icon tb_5422558  normal none icon_horizontal \" data-lazy=\"1\">\n            <div class=\"module-icon-item\">\n                            <a href=\"http:\/\/www.transformari-capitaliste.ro\/index.php\/gdpr\/\">\n                                                                    <em class=\"tf_box\" style=\"color:#ffffff\"><svg  class=\"tf_fa tf-fas-compass\" aria-hidden=\"true\"><use href=\"#tf-fas-compass\"><\/use><\/svg><\/em>\n                                                                            <span>GDPR<\/span>\n                                                                    <\/a>\n                    <\/div>\n    <\/div>\n<!-- \/module icon -->\n        <\/div>\n                        <\/div>\n        <\/div>\n                        <div  data-css_id=\"dtgi721\" data-lazy=\"1\" class=\"module_row themify_builder_row fullwidth tb_dtgi721 tf_w\">\n                        <div class=\"row_inner col_align_top tb_col_count_1 tf_box tf_rel\">\n                        <div  data-lazy=\"1\" class=\"module_column tb-column tb_i0pr739 first\">\n                            <\/div>\n                        <\/div>\n        <\/div>\n                        <div  data-lazy=\"1\" class=\"module_row themify_builder_row tb_aiwi455 tf_w\">\n                        <div class=\"row_inner col_align_top tb_col_count_1 tf_box tf_rel\">\n                        <div  data-lazy=\"1\" class=\"module_column tb-column col-full tb_ol62455 first\">\n                            <\/div>\n                        <\/div>\n        <\/div>\n                        <div  data-lazy=\"1\" class=\"module_row themify_builder_row tb_nwzc338 tf_w\">\n                        <div class=\"row_inner col_align_top tb_col_count_1 tf_box tf_rel\">\n                        <div  data-lazy=\"1\" class=\"module_column tb-column col-full tb_sbsu338 first\">\n                            <\/div>\n                        <\/div>\n        <\/div>\n                        <div  data-lazy=\"1\" class=\"module_row themify_builder_row tb_70fg887 tf_w\">\n                        <div class=\"row_inner col_align_top tb_col_count_1 tf_box tf_rel\">\n                        <div  data-lazy=\"1\" class=\"module_column tb-column col-full tb_ezn5887 first\">\n                    <!-- module text -->\n<div  class=\"module module-text tb_9pla412   \" data-lazy=\"1\">\n        <div  class=\"tb_text_wrap\">\n        <p style=\"text-align: center;\"><iframe loading=\"lazy\" style=\"border: 0;\" src=\"https:\/\/www.google.com\/maps\/embed?pb=!1m18!1m12!1m3!1d81560.93123328438!2d23.604538147013383!3d46.7902459962547!2m3!1f0!2f0!3f0!3m2!1i1024!2i768!4f13.1!3m3!1m2!1s0x47490c1f916c0b8b%3A0xbbc601c331f148b!2sCluj-Napoca!5e0!3m2!1sen!2sro!4v1678101949039!5m2!1sen!2sro\" width=\"1000\" height=\"600\" allowfullscreen=\"allowfullscreen\"><\/iframe><\/p>\n    <\/div>\n<\/div>\n<!-- \/module text -->        <\/div>\n                        <\/div>\n        <\/div>\n        <\/div>\n<!--\/themify_builder_content-->","protected":false},"excerpt":{"rendered":"<p>\u00centreb\u0103ri suplimentareContact transformari.capitaliste@gmail.ro Pagina de Facebook a Conferin\u021bei Politica de GDPR \u00ceNTREB\u0102RI SUPLIMENTARE NUME ADRESA DE EMAIL MESAJ Datorit\u0103 regulamentului general privind protec\u021bia datelor (GDPR &#8211; EU 2016\/679), avem nevoie de un acord explicit din partea dumneavoastr\u0103 pentru a prelucra datele furnizate mai sus Mai multe informa\u021bii despre Regulile GDPR g\u0103si\u021bi aici: http:\/\/www.transformari-capitaliste.ro\/index.php\/gdpr\/ * Send [&hellip;]<\/p>\n","protected":false},"author":1,"featured_media":0,"parent":0,"menu_order":0,"comment_status":"closed","ping_status":"closed","template":"","meta":{"om_disable_all_campaigns":false,"_mi_skip_tracking":false,"footnotes":""},"class_list":["post-50","page","type-page","status-publish","hentry","has-post-title","has-post-date","has-post-category","has-post-tag","has-post-comment","has-post-author",""],"aioseo_notices":[],"builder_content":"<h1>\u00centreb\u0103ri suplimentare<br\/>Contact<\/h1>\n\n<a href=\"mailto:transformari-capitaliste@gmail.ro\"> <em><svg aria-hidden=\"true\"><use href=\"#tf-fas-envelope-square\"><\/use><\/svg><\/em> <\/a>\n<p>transformari.capitaliste@gmail.ro<\/p>\n<a href=\"https:\/\/www.facebook.com\/events\/218036070756239\/\"> <em><svg aria-hidden=\"true\"><use href=\"#tf-fab-facebook\"><\/use><\/svg><\/em> <\/a>\n<p>Pagina de Facebook a Conferin\u021bei<\/p>\n<a href=\"http:\/\/www.transformari-capitaliste.ro\/index.php\/gdpr\/\"> <em><svg aria-hidden=\"true\"><use href=\"#tf-fas-copyright\"><\/use><\/svg><\/em> <\/a>\n<p>Politica de GDPR<\/p>\n<h4>\u00ceNTREB\u0102RI SUPLIMENTARE<\/h4>\n<form id=\"tb_wsyp558-form\" method=\"post\" data-post-id=\"0\" data-element-id=\"wsyp558\" data-orig-id=\"50\" > <label for=\"tb_wsyp558-contact-name\"> NUME <\/label> <input type=\"text\" name=\"contact-name\" placeholder=\"\" id=\"tb_wsyp558-contact-name\" value=\"\" > <label for=\"tb_wsyp558-contact-email\"> ADRESA DE EMAIL <\/label> <input type=\"email\" name=\"contact-email\" placeholder=\"\" id=\"tb_wsyp558-contact-email\" value=\"\" > <label for=\"tb_wsyp558-contact-message\"> MESAJ <\/label> <textarea name=\"contact-message\" placeholder=\"\" id=\"tb_wsyp558-contact-message\"><\/textarea> <label> <input type=\"checkbox\" name=\"gdpr\" value=\"1\" required> Datorit\u0103 regulamentului general privind protec\u021bia datelor (GDPR - EU 2016\/679), avem nevoie de un acord explicit din partea dumneavoastr\u0103 pentru a prelucra datele furnizate mai sus Mai multe informa\u021bii despre Regulile GDPR g\u0103si\u021bi aici: http:\/\/www.transformari-capitaliste.ro\/index.php\/gdpr\/ * <\/label> <button type=\"submit\"> Send <\/button> <\/form>\n<h6>Contact<\/h6>\n<a href=\"mailto:transformari.capitaliste@gmail.com\"> <em style=\"color:#ffffff\"><svg aria-hidden=\"true\"><use href=\"#tf-fas-envelope-square\"><\/use><\/svg><\/em> transformari.capitaliste@gmail.com <\/a>\n<a href=\"https:\/\/www.facebook.com\/critica.capitalismului\"> <em style=\"color:#ffffff\"><svg aria-hidden=\"true\"><use href=\"#tf-fab-facebook-messenger\"><\/use><\/svg><\/em> Facebook Event <\/a>\n<a href=\"http:\/\/www.transformari-capitaliste.ro\/index.php\/gdpr\/\"> <em style=\"color:#ffffff\"><svg aria-hidden=\"true\"><use href=\"#tf-fas-compass\"><\/use><\/svg><\/em> GDPR <\/a>\n<p style=\"text-align: center;\"><iframe loading=\"lazy\" style=\"border: 0;\" src=\"https:\/\/www.google.com\/maps\/embed?pb=!1m18!1m12!1m3!1d81560.93123328438!2d23.604538147013383!3d46.7902459962547!2m3!1f0!2f0!3f0!3m2!1i1024!2i768!4f13.1!3m3!1m2!1s0x47490c1f916c0b8b%3A0xbbc601c331f148b!2sCluj-Napoca!5e0!3m2!1sen!2sro!4v1678101949039!5m2!1sen!2sro\" width=\"1000\" height=\"600\" allowfullscreen=\"allowfullscreen\"><\/iframe><\/p>","_links":{"self":[{"href":"http:\/\/www.transformari-capitaliste.ro\/index.php\/wp-json\/wp\/v2\/pages\/50","targetHints":{"allow":["GET"]}}],"collection":[{"href":"http:\/\/www.transformari-capitaliste.ro\/index.php\/wp-json\/wp\/v2\/pages"}],"about":[{"href":"http:\/\/www.transformari-capitaliste.ro\/index.php\/wp-json\/wp\/v2\/types\/page"}],"author":[{"embeddable":true,"href":"http:\/\/www.transformari-capitaliste.ro\/index.php\/wp-json\/wp\/v2\/users\/1"}],"replies":[{"embeddable":true,"href":"http:\/\/www.transformari-capitaliste.ro\/index.php\/wp-json\/wp\/v2\/comments?post=50"}],"version-history":[{"count":24,"href":"http:\/\/www.transformari-capitaliste.ro\/index.php\/wp-json\/wp\/v2\/pages\/50\/revisions"}],"predecessor-version":[{"id":566,"href":"http:\/\/www.transformari-capitaliste.ro\/index.php\/wp-json\/wp\/v2\/pages\/50\/revisions\/566"}],"wp:attachment":[{"href":"http:\/\/www.transformari-capitaliste.ro\/index.php\/wp-json\/wp\/v2\/media?parent=50"}],"curies":[{"name":"wp","href":"https:\/\/api.w.org\/{rel}","templated":true}]}}